{"id":110,"date":"2019-01-06T05:37:14","date_gmt":"2019-01-06T05:37:14","guid":{"rendered":"https:\/\/nextor.io\/x_1\/?page_id=110"},"modified":"2019-09-15T10:56:06","modified_gmt":"2019-09-15T15:56:06","slug":"troncales-sip-caracteristicas","status":"publish","type":"page","link":"https:\/\/nextor.io\/x_1\/troncales-sip\/troncales-sip-caracteristicas\/","title":{"rendered":"Troncales SIP &#8211; Caracter\u00edsticas"},"content":{"rendered":"<div id=\"cs-content\" class=\"cs-content\"><\/div>\n","protected":false},"excerpt":{"rendered":"<p>Nextor.ioTroncales SIP Caracter\u00edsticas Contacto con ventasCaracter\u00edsticas Conectividad y redundancia Seguridad Reporteo y an\u00e1lisis Portabilidad Cobertura Enlace de sucursalesConectividad y redundancia Tradicionalmente la comunicaci\u00f3n con tu proveedor de telefon\u00eda se da por una conexi\u00f3n directa con \u00e9l, ya sea por un enlace de fibra \u00f3ptica o cobre, que es entregado directo en tu domicilio. Esta metodolog\u00eda de conectividad, por dise\u00f1o, no &#8230; <\/p>\n<div><a href=\"https:\/\/nextor.io\/x_1\/troncales-sip\/troncales-sip-caracteristicas\/\" class=\"more-link\">Read More<\/a><\/div>\n","protected":false},"author":1,"featured_media":0,"parent":63,"menu_order":0,"comment_status":"closed","ping_status":"closed","template":"template-blank-4.php","meta":{"om_disable_all_campaigns":false,"inline_featured_image":false,"_monsterinsights_skip_tracking":false,"_monsterinsights_sitenote_active":false,"_monsterinsights_sitenote_note":"","_monsterinsights_sitenote_category":0,"_joinchat":[],"footnotes":""},"class_list":["post-110","page","type-page","status-publish","hentry","no-post-thumbnail"],"aioseo_notices":[],"_links":{"self":[{"href":"https:\/\/nextor.io\/x_1\/wp-json\/wp\/v2\/pages\/110","targetHints":{"allow":["GET"]}}],"collection":[{"href":"https:\/\/nextor.io\/x_1\/wp-json\/wp\/v2\/pages"}],"about":[{"href":"https:\/\/nextor.io\/x_1\/wp-json\/wp\/v2\/types\/page"}],"author":[{"embeddable":true,"href":"https:\/\/nextor.io\/x_1\/wp-json\/wp\/v2\/users\/1"}],"replies":[{"embeddable":true,"href":"https:\/\/nextor.io\/x_1\/wp-json\/wp\/v2\/comments?post=110"}],"version-history":[{"count":0,"href":"https:\/\/nextor.io\/x_1\/wp-json\/wp\/v2\/pages\/110\/revisions"}],"up":[{"embeddable":true,"href":"https:\/\/nextor.io\/x_1\/wp-json\/wp\/v2\/pages\/63"}],"wp:attachment":[{"href":"https:\/\/nextor.io\/x_1\/wp-json\/wp\/v2\/media?parent=110"}],"curies":[{"name":"wp","href":"https:\/\/api.w.org\/{rel}","templated":true}]}}