{"id":112,"date":"2019-01-06T05:37:35","date_gmt":"2019-01-06T05:37:35","guid":{"rendered":"https:\/\/nextor.io\/x_1\/?page_id=112"},"modified":"2019-02-22T12:47:08","modified_gmt":"2019-02-22T18:47:08","slug":"troncales-sip-precios","status":"publish","type":"page","link":"https:\/\/nextor.io\/x_1\/troncales-sip\/troncales-sip-precios\/","title":{"rendered":"Troncales SIP &#8211; Precios"},"content":{"rendered":"<div id=\"cs-content\" class=\"cs-content\"><\/div>\n","protected":false},"excerpt":{"rendered":"<p>Nextor.ioTroncales SIP Precios y paquetesPlanes PyMEPlanes empresas &#038; corporativoCanales Sin L\u00edmite &#8211; Renta mensual $0.00Troncales SIP Pyme Planes dise\u00f1ados para peque\u00f1as empresas con un uso tradicional de telefon\u00eda. Todos los servicios inclu\u00eddos por una renta mensual fija. Precios Antes de impuestos. Planes no autorizados para Centros de contacto, Call centers ni sistemas de marcaci\u00f3n predictiva\/progresiva. PlanesPyME 5PyME 10PyME 20PyME 30 &#8230; <\/p>\n<div><a href=\"https:\/\/nextor.io\/x_1\/whatsapp-presentara-una-nueva-funcion-para-filtrar-las-llamadas-no-deseadas\/\" class=\"more-link\">Read More<\/a><\/div>\n","protected":false},"author":1,"featured_media":0,"parent":63,"menu_order":0,"comment_status":"closed","ping_status":"closed","template":"template-blank-4.php","meta":{"om_disable_all_campaigns":false,"inline_featured_image":false,"_monsterinsights_skip_tracking":false,"_monsterinsights_sitenote_active":false,"_monsterinsights_sitenote_note":"","_monsterinsights_sitenote_category":0,"_joinchat":[],"footnotes":""},"class_list":["post-112","page","type-page","status-publish","hentry","no-post-thumbnail"],"aioseo_notices":[],"_links":{"self":[{"href":"https:\/\/nextor.io\/x_1\/wp-json\/wp\/v2\/pages\/112","targetHints":{"allow":["GET"]}}],"collection":[{"href":"https:\/\/nextor.io\/x_1\/wp-json\/wp\/v2\/pages"}],"about":[{"href":"https:\/\/nextor.io\/x_1\/wp-json\/wp\/v2\/types\/page"}],"author":[{"embeddable":true,"href":"https:\/\/nextor.io\/x_1\/wp-json\/wp\/v2\/users\/1"}],"replies":[{"embeddable":true,"href":"https:\/\/nextor.io\/x_1\/wp-json\/wp\/v2\/comments?post=112"}],"version-history":[{"count":0,"href":"https:\/\/nextor.io\/x_1\/wp-json\/wp\/v2\/pages\/112\/revisions"}],"up":[{"embeddable":true,"href":"https:\/\/nextor.io\/x_1\/wp-json\/wp\/v2\/pages\/63"}],"wp:attachment":[{"href":"https:\/\/nextor.io\/x_1\/wp-json\/wp\/v2\/media?parent=112"}],"curies":[{"name":"wp","href":"https:\/\/api.w.org\/{rel}","templated":true}]}}