{"id":114,"date":"2019-01-06T05:37:59","date_gmt":"2019-01-06T05:37:59","guid":{"rendered":"https:\/\/nextor.io\/x_1\/?page_id=114"},"modified":"2019-02-11T12:12:27","modified_gmt":"2019-02-11T18:12:27","slug":"troncales-sip-recursos","status":"publish","type":"page","link":"https:\/\/nextor.io\/x_1\/troncales-sip\/troncales-sip-recursos\/","title":{"rendered":"Troncales SIP &#8211; Recursos"},"content":{"rendered":"<div id=\"cs-content\" class=\"cs-content\"><\/div>\n","protected":false},"excerpt":{"rendered":"<p>Nextor.ioTroncales SIP RecursosInformaci\u00f3n relevante a troncales SIP Recursos de inter\u00e9s para contar y mantener una plataforma sana y operacional con troncales SIP de Nextor.WhatsApp presentar\u00e1 una nueva funci\u00f3n para filtrar las llamadas no deseadasmarzo 21, 2023\u00bfQu\u00e9 son y c\u00f3mo se instalan cables submarinos de fibra \u00f3ptica?marzo 16, 2023Ley de seguridad en Reino Unido, gobierno podr\u00e1 leer mensajes de APPSmarzo 13, &#8230; <\/p>\n<div><a href=\"https:\/\/nextor.io\/x_1\/resumen-rapido-de-las-noticias-en-telecomunicaciones\/\" class=\"more-link\">Read More<\/a><\/div>\n","protected":false},"author":1,"featured_media":0,"parent":63,"menu_order":0,"comment_status":"closed","ping_status":"closed","template":"template-blank-4.php","meta":{"om_disable_all_campaigns":false,"inline_featured_image":false,"_monsterinsights_skip_tracking":false,"_monsterinsights_sitenote_active":false,"_monsterinsights_sitenote_note":"","_monsterinsights_sitenote_category":0,"_joinchat":[],"footnotes":""},"class_list":["post-114","page","type-page","status-publish","hentry","no-post-thumbnail"],"aioseo_notices":[],"_links":{"self":[{"href":"https:\/\/nextor.io\/x_1\/wp-json\/wp\/v2\/pages\/114","targetHints":{"allow":["GET"]}}],"collection":[{"href":"https:\/\/nextor.io\/x_1\/wp-json\/wp\/v2\/pages"}],"about":[{"href":"https:\/\/nextor.io\/x_1\/wp-json\/wp\/v2\/types\/page"}],"author":[{"embeddable":true,"href":"https:\/\/nextor.io\/x_1\/wp-json\/wp\/v2\/users\/1"}],"replies":[{"embeddable":true,"href":"https:\/\/nextor.io\/x_1\/wp-json\/wp\/v2\/comments?post=114"}],"version-history":[{"count":0,"href":"https:\/\/nextor.io\/x_1\/wp-json\/wp\/v2\/pages\/114\/revisions"}],"up":[{"embeddable":true,"href":"https:\/\/nextor.io\/x_1\/wp-json\/wp\/v2\/pages\/63"}],"wp:attachment":[{"href":"https:\/\/nextor.io\/x_1\/wp-json\/wp\/v2\/media?parent=114"}],"curies":[{"name":"wp","href":"https:\/\/api.w.org\/{rel}","templated":true}]}}