{"id":1206,"date":"2019-02-11T17:15:17","date_gmt":"2019-02-11T23:15:17","guid":{"rendered":"https:\/\/nextor.io\/x_1\/?page_id=1206"},"modified":"2019-02-11T17:18:17","modified_gmt":"2019-02-11T23:18:17","slug":"colaboracion-con-la-justicia-2","status":"publish","type":"page","link":"https:\/\/nextor.io\/x_1\/colaboracion-con-la-justicia-2\/","title":{"rendered":"Colaboraci\u00f3n con la justicia"},"content":{"rendered":"<div id=\"cs-content\" class=\"cs-content\"><\/div>\n","protected":false},"excerpt":{"rendered":"<p>Nextor.ioColaboraci\u00f3n en materia de seguridad y justiciaEn cumplimiento con lo dispuesto por los art\u00edculos 189 y 190 de la Ley Federal de Telecomunicaciones y Radiodifusi\u00f3n, as\u00ed como con los Lineamientos de Colaboraci\u00f3n en Materia de Seguridad y Justicia publicados en el Diario Oficial de la Federaci\u00f3n el 02 de diciembre de 2015, se informan los datos del \u00c1rea Responsable para &#8230; <\/p>\n<div><a href=\"https:\/\/nextor.io\/x_1\/colaboracion-con-la-justicia-2\/\" class=\"more-link\">Read More<\/a><\/div>\n","protected":false},"author":1,"featured_media":0,"parent":0,"menu_order":0,"comment_status":"closed","ping_status":"closed","template":"template-blank-4.php","meta":{"om_disable_all_campaigns":false,"inline_featured_image":false,"_monsterinsights_skip_tracking":false,"_monsterinsights_sitenote_active":false,"_monsterinsights_sitenote_note":"","_monsterinsights_sitenote_category":0,"_joinchat":[],"footnotes":""},"class_list":["post-1206","page","type-page","status-publish","hentry","no-post-thumbnail"],"aioseo_notices":[],"_links":{"self":[{"href":"https:\/\/nextor.io\/x_1\/wp-json\/wp\/v2\/pages\/1206","targetHints":{"allow":["GET"]}}],"collection":[{"href":"https:\/\/nextor.io\/x_1\/wp-json\/wp\/v2\/pages"}],"about":[{"href":"https:\/\/nextor.io\/x_1\/wp-json\/wp\/v2\/types\/page"}],"author":[{"embeddable":true,"href":"https:\/\/nextor.io\/x_1\/wp-json\/wp\/v2\/users\/1"}],"replies":[{"embeddable":true,"href":"https:\/\/nextor.io\/x_1\/wp-json\/wp\/v2\/comments?post=1206"}],"version-history":[{"count":0,"href":"https:\/\/nextor.io\/x_1\/wp-json\/wp\/v2\/pages\/1206\/revisions"}],"wp:attachment":[{"href":"https:\/\/nextor.io\/x_1\/wp-json\/wp\/v2\/media?parent=1206"}],"curies":[{"name":"wp","href":"https:\/\/api.w.org\/{rel}","templated":true}]}}