{"id":1209,"date":"2019-02-11T17:19:53","date_gmt":"2019-02-11T23:19:53","guid":{"rendered":"https:\/\/nextor.io\/x_1\/?page_id=1209"},"modified":"2019-09-25T14:08:58","modified_gmt":"2019-09-25T19:08:58","slug":"condiciones-del-servicio","status":"publish","type":"page","link":"https:\/\/nextor.io\/x_1\/condiciones-del-servicio\/","title":{"rendered":"Condiciones del servicio"},"content":{"rendered":"<div id=\"cs-content\" class=\"cs-content\"><\/div>\n","protected":false},"excerpt":{"rendered":"<p>T&eacute;rminos y condicionesESTE SITIO Y LOS SERVICIOS QUE OFRECE EST\u00c1N SUJETOS A ESTOS T\u00c9RMINOS Y CONDICIONES. POR FAVOR, LEA LA SIGUIENTE INFORMACI\u00d3N CUIDADOSAMENTE. EL ACCESO, CONSULTA Y\/O USO DE ESTE SITIO DE INTERNET INDICAR\u00c1N SU ACUERDO CON RESPECTO A ESTAR OBLIGADO A CUMPLIR CON LOS T\u00c9RMINOS Y CONDICIONES QUE SE DETALLAN A CONTINUACI\u00d3N Y SU CONSENTIMIENTO A RECIBIR NOTAS Y &#8230; <\/p>\n<div><a href=\"https:\/\/nextor.io\/x_1\/condiciones-del-servicio\/\" class=\"more-link\">Read More<\/a><\/div>\n","protected":false},"author":1,"featured_media":0,"parent":0,"menu_order":0,"comment_status":"closed","ping_status":"closed","template":"template-blank-4.php","meta":{"om_disable_all_campaigns":false,"inline_featured_image":false,"_monsterinsights_skip_tracking":false,"_monsterinsights_sitenote_active":false,"_monsterinsights_sitenote_note":"","_monsterinsights_sitenote_category":0,"_joinchat":[],"footnotes":""},"class_list":["post-1209","page","type-page","status-publish","hentry","no-post-thumbnail"],"aioseo_notices":[],"_links":{"self":[{"href":"https:\/\/nextor.io\/x_1\/wp-json\/wp\/v2\/pages\/1209","targetHints":{"allow":["GET"]}}],"collection":[{"href":"https:\/\/nextor.io\/x_1\/wp-json\/wp\/v2\/pages"}],"about":[{"href":"https:\/\/nextor.io\/x_1\/wp-json\/wp\/v2\/types\/page"}],"author":[{"embeddable":true,"href":"https:\/\/nextor.io\/x_1\/wp-json\/wp\/v2\/users\/1"}],"replies":[{"embeddable":true,"href":"https:\/\/nextor.io\/x_1\/wp-json\/wp\/v2\/comments?post=1209"}],"version-history":[{"count":0,"href":"https:\/\/nextor.io\/x_1\/wp-json\/wp\/v2\/pages\/1209\/revisions"}],"wp:attachment":[{"href":"https:\/\/nextor.io\/x_1\/wp-json\/wp\/v2\/media?parent=1209"}],"curies":[{"name":"wp","href":"https:\/\/api.w.org\/{rel}","templated":true}]}}