{"id":1481,"date":"2019-02-18T18:53:26","date_gmt":"2019-02-19T00:53:26","guid":{"rendered":"https:\/\/nextor.io\/x_1\/?page_id=1481"},"modified":"2019-02-28T17:16:38","modified_gmt":"2019-02-28T23:16:38","slug":"vps-caracteristicas","status":"publish","type":"page","link":"https:\/\/nextor.io\/x_1\/vps-informacion-general\/vps-caracteristicas\/","title":{"rendered":"VPS Caracter\u00edsticas"},"content":{"rendered":"<div id=\"cs-content\" class=\"cs-content\"><\/div>\n","protected":false},"excerpt":{"rendered":"<p>Nextor.ioServidores Cloud Caracter\u00edsticas Caracter\u00edsticas Elasticidad Redundancia Tipos de respaldo Sistemas operativos Seguridad Migraci\u00f3n\u00bfQu\u00e9 es un servidor Cloud? Un servidor de la nube es una potente infraestructura f\u00edsica o virtual que lleva a cabo el almacenamiento de procesamiento de aplicaciones e informaci\u00f3n. Los servidores en la nube se crean utilizando software de virtualizaci\u00f3n para dividir un servidor f\u00edsico (bare metal) en &#8230; <\/p>\n<div><a href=\"https:\/\/nextor.io\/x_1\/vps-informacion-general\/vps-caracteristicas\/\" class=\"more-link\">Read More<\/a><\/div>\n","protected":false},"author":1,"featured_media":0,"parent":347,"menu_order":0,"comment_status":"closed","ping_status":"closed","template":"template-blank-4.php","meta":{"om_disable_all_campaigns":false,"inline_featured_image":false,"_monsterinsights_skip_tracking":false,"_monsterinsights_sitenote_active":false,"_monsterinsights_sitenote_note":"","_monsterinsights_sitenote_category":0,"_joinchat":[],"footnotes":""},"class_list":["post-1481","page","type-page","status-publish","hentry","no-post-thumbnail"],"aioseo_notices":[],"_links":{"self":[{"href":"https:\/\/nextor.io\/x_1\/wp-json\/wp\/v2\/pages\/1481","targetHints":{"allow":["GET"]}}],"collection":[{"href":"https:\/\/nextor.io\/x_1\/wp-json\/wp\/v2\/pages"}],"about":[{"href":"https:\/\/nextor.io\/x_1\/wp-json\/wp\/v2\/types\/page"}],"author":[{"embeddable":true,"href":"https:\/\/nextor.io\/x_1\/wp-json\/wp\/v2\/users\/1"}],"replies":[{"embeddable":true,"href":"https:\/\/nextor.io\/x_1\/wp-json\/wp\/v2\/comments?post=1481"}],"version-history":[{"count":0,"href":"https:\/\/nextor.io\/x_1\/wp-json\/wp\/v2\/pages\/1481\/revisions"}],"up":[{"embeddable":true,"href":"https:\/\/nextor.io\/x_1\/wp-json\/wp\/v2\/pages\/347"}],"wp:attachment":[{"href":"https:\/\/nextor.io\/x_1\/wp-json\/wp\/v2\/media?parent=1481"}],"curies":[{"name":"wp","href":"https:\/\/api.w.org\/{rel}","templated":true}]}}