{"id":1920,"date":"2019-03-04T01:01:07","date_gmt":"2019-03-04T07:01:07","guid":{"rendered":"https:\/\/nextor.io\/x_1\/?page_id=1920"},"modified":"2019-09-20T12:32:24","modified_gmt":"2019-09-20T17:32:24","slug":"soporte-tecnico","status":"publish","type":"page","link":"https:\/\/nextor.io\/x_1\/soporte-tecnico\/","title":{"rendered":"Soporte t\u00e9cnico"},"content":{"rendered":"<div id=\"cs-content\" class=\"cs-content\"><\/div>\n","protected":false},"excerpt":{"rendered":"<p>Soporte t\u00e9cnico para clientes\u00a0 Nextor Por correo Electr\u00f3nicoGenerar un ticket de soporte. Lo m\u00e1s recomendable LEVANTAR REPORTEChat en l\u00edneaAtenci\u00f3n inmediata en horarios h\u00e1biles IR AL CHATV\u00eda telef\u00f3nicaSiempre contigo a una llamada de distancia CONTACTO TELEFONICOGenerar un\u00a0ticket de soporte es por mucho la mejor opci\u00f3n Levantar un ticket de soporte Ingresa los siguientes datos para generar un reporte de servicio. Al &#8230; <\/p>\n<div><a href=\"https:\/\/nextor.io\/x_1\/soporte-tecnico\/\" class=\"more-link\">Read More<\/a><\/div>\n","protected":false},"author":1,"featured_media":0,"parent":0,"menu_order":0,"comment_status":"closed","ping_status":"closed","template":"template-blank-4.php","meta":{"om_disable_all_campaigns":false,"inline_featured_image":false,"_monsterinsights_skip_tracking":false,"_monsterinsights_sitenote_active":false,"_monsterinsights_sitenote_note":"","_monsterinsights_sitenote_category":0,"_joinchat":[],"footnotes":""},"class_list":["post-1920","page","type-page","status-publish","hentry","no-post-thumbnail"],"aioseo_notices":[],"_links":{"self":[{"href":"https:\/\/nextor.io\/x_1\/wp-json\/wp\/v2\/pages\/1920","targetHints":{"allow":["GET"]}}],"collection":[{"href":"https:\/\/nextor.io\/x_1\/wp-json\/wp\/v2\/pages"}],"about":[{"href":"https:\/\/nextor.io\/x_1\/wp-json\/wp\/v2\/types\/page"}],"author":[{"embeddable":true,"href":"https:\/\/nextor.io\/x_1\/wp-json\/wp\/v2\/users\/1"}],"replies":[{"embeddable":true,"href":"https:\/\/nextor.io\/x_1\/wp-json\/wp\/v2\/comments?post=1920"}],"version-history":[{"count":0,"href":"https:\/\/nextor.io\/x_1\/wp-json\/wp\/v2\/pages\/1920\/revisions"}],"wp:attachment":[{"href":"https:\/\/nextor.io\/x_1\/wp-json\/wp\/v2\/media?parent=1920"}],"curies":[{"name":"wp","href":"https:\/\/api.w.org\/{rel}","templated":true}]}}