{"id":2081,"date":"2019-09-14T10:08:26","date_gmt":"2019-09-14T15:08:26","guid":{"rendered":"https:\/\/nextor.io\/x_1\/?page_id=2081"},"modified":"2019-09-14T11:07:51","modified_gmt":"2019-09-14T16:07:51","slug":"troncales-sip-contacto","status":"publish","type":"page","link":"https:\/\/nextor.io\/x_1\/troncales-sip\/troncales-sip-contacto\/","title":{"rendered":"Troncales SIP &#8211; Contacto"},"content":{"rendered":"<div id=\"cs-content\" class=\"cs-content\"><\/div>\n","protected":false},"excerpt":{"rendered":"<p>Nextor.ioTroncales SIP Contacto Estamos a tus \u00f3rdenes por cualquier medio de contactoV\u00eda telef\u00f3nica800 044 0003 Marcar ahoraPor correo electr\u00f3nicohola@nextor.io Enviar correoPor chatDisponible en horarios laborables Iniciar chatMesa de ayuda 24X7soporte@nextor.io Abrir ticket de soporte<\/p>\n","protected":false},"author":1,"featured_media":0,"parent":63,"menu_order":0,"comment_status":"closed","ping_status":"closed","template":"template-blank-4.php","meta":{"om_disable_all_campaigns":false,"inline_featured_image":false,"_monsterinsights_skip_tracking":false,"_monsterinsights_sitenote_active":false,"_monsterinsights_sitenote_note":"","_monsterinsights_sitenote_category":0,"_joinchat":[],"footnotes":""},"class_list":["post-2081","page","type-page","status-publish","hentry","no-post-thumbnail"],"aioseo_notices":[],"_links":{"self":[{"href":"https:\/\/nextor.io\/x_1\/wp-json\/wp\/v2\/pages\/2081","targetHints":{"allow":["GET"]}}],"collection":[{"href":"https:\/\/nextor.io\/x_1\/wp-json\/wp\/v2\/pages"}],"about":[{"href":"https:\/\/nextor.io\/x_1\/wp-json\/wp\/v2\/types\/page"}],"author":[{"embeddable":true,"href":"https:\/\/nextor.io\/x_1\/wp-json\/wp\/v2\/users\/1"}],"replies":[{"embeddable":true,"href":"https:\/\/nextor.io\/x_1\/wp-json\/wp\/v2\/comments?post=2081"}],"version-history":[{"count":0,"href":"https:\/\/nextor.io\/x_1\/wp-json\/wp\/v2\/pages\/2081\/revisions"}],"up":[{"embeddable":true,"href":"https:\/\/nextor.io\/x_1\/wp-json\/wp\/v2\/pages\/63"}],"wp:attachment":[{"href":"https:\/\/nextor.io\/x_1\/wp-json\/wp\/v2\/media?parent=2081"}],"curies":[{"name":"wp","href":"https:\/\/api.w.org\/{rel}","templated":true}]}}