{"id":2112,"date":"2019-09-14T11:32:36","date_gmt":"2019-09-14T16:32:36","guid":{"rendered":"https:\/\/nextor.io\/x_1\/?page_id=2112"},"modified":"2019-09-20T12:20:03","modified_gmt":"2019-09-20T17:20:03","slug":"contacto-preventa","status":"publish","type":"page","link":"https:\/\/nextor.io\/x_1\/contacto-preventa\/","title":{"rendered":"Contacto preventa"},"content":{"rendered":"<div id=\"cs-content\" class=\"cs-content\"><\/div>\n","protected":false},"excerpt":{"rendered":"<p>Nextor.ioContacto Preventa Estamos a tus \u00f3rdenes por cualquier medio de contactoV\u00eda telef\u00f3nica800 044 0003 Marcar ahoraPor correo electr\u00f3nicohola@nextor.io Enviar correoPor chatDisponible en horarios laborables Iniciar chatMesa de ayuda 24X7soporte@nextor.io Abrir ticket de soporte<\/p>\n","protected":false},"author":1,"featured_media":0,"parent":0,"menu_order":0,"comment_status":"closed","ping_status":"closed","template":"template-blank-4.php","meta":{"om_disable_all_campaigns":false,"inline_featured_image":false,"_monsterinsights_skip_tracking":false,"_monsterinsights_sitenote_active":false,"_monsterinsights_sitenote_note":"","_monsterinsights_sitenote_category":0,"_joinchat":[],"footnotes":""},"class_list":["post-2112","page","type-page","status-publish","hentry","no-post-thumbnail"],"aioseo_notices":[],"_links":{"self":[{"href":"https:\/\/nextor.io\/x_1\/wp-json\/wp\/v2\/pages\/2112","targetHints":{"allow":["GET"]}}],"collection":[{"href":"https:\/\/nextor.io\/x_1\/wp-json\/wp\/v2\/pages"}],"about":[{"href":"https:\/\/nextor.io\/x_1\/wp-json\/wp\/v2\/types\/page"}],"author":[{"embeddable":true,"href":"https:\/\/nextor.io\/x_1\/wp-json\/wp\/v2\/users\/1"}],"replies":[{"embeddable":true,"href":"https:\/\/nextor.io\/x_1\/wp-json\/wp\/v2\/comments?post=2112"}],"version-history":[{"count":0,"href":"https:\/\/nextor.io\/x_1\/wp-json\/wp\/v2\/pages\/2112\/revisions"}],"wp:attachment":[{"href":"https:\/\/nextor.io\/x_1\/wp-json\/wp\/v2\/media?parent=2112"}],"curies":[{"name":"wp","href":"https:\/\/api.w.org\/{rel}","templated":true}]}}