{"id":229,"date":"2019-01-07T21:42:19","date_gmt":"2019-01-07T21:42:19","guid":{"rendered":"https:\/\/nextor.io\/x_1\/?page_id=229"},"modified":"2019-08-27T19:09:19","modified_gmt":"2019-08-28T00:09:19","slug":"lanubesota-mx-informacion-general","status":"publish","type":"page","link":"https:\/\/nextor.io\/x_1\/lanubesota-mx-informacion-general\/","title":{"rendered":"LaNubesota.MX"},"content":{"rendered":"<div id=\"cs-content\" class=\"cs-content\"><\/div>\n","protected":false},"excerpt":{"rendered":"<p>Conmutador telef\u00f3nico en la nube para tu empresa. Planes todo inclu\u00eddo, porta tus n\u00fameros y centraliza el gasto ADMINISTRA TU CUENTA&nbsp;&nbsp;&nbsp;&nbsp;&nbsp;&nbsp;&nbsp;CONTRATAR SERVICIOEmpresas de cualquier escala se benefician del servicio de telefon\u00eda PBX en la nube, ofreciendo una gran variedad de caracter\u00edsticas listas para ser utilizadas por ti y tus usuarios. Libera a tu departamento de sistemas, soporte t\u00e9cnico y minutos &#8230; <\/p>\n<div><a href=\"https:\/\/nextor.io\/x_1\/lanubesota-mx-informacion-general\/\" class=\"more-link\">Read More<\/a><\/div>\n","protected":false},"author":1,"featured_media":0,"parent":0,"menu_order":0,"comment_status":"closed","ping_status":"closed","template":"template-blank-4.php","meta":{"om_disable_all_campaigns":false,"inline_featured_image":false,"_monsterinsights_skip_tracking":false,"_monsterinsights_sitenote_active":false,"_monsterinsights_sitenote_note":"","_monsterinsights_sitenote_category":0,"_joinchat":[],"footnotes":""},"class_list":["post-229","page","type-page","status-publish","hentry","no-post-thumbnail"],"aioseo_notices":[],"_links":{"self":[{"href":"https:\/\/nextor.io\/x_1\/wp-json\/wp\/v2\/pages\/229","targetHints":{"allow":["GET"]}}],"collection":[{"href":"https:\/\/nextor.io\/x_1\/wp-json\/wp\/v2\/pages"}],"about":[{"href":"https:\/\/nextor.io\/x_1\/wp-json\/wp\/v2\/types\/page"}],"author":[{"embeddable":true,"href":"https:\/\/nextor.io\/x_1\/wp-json\/wp\/v2\/users\/1"}],"replies":[{"embeddable":true,"href":"https:\/\/nextor.io\/x_1\/wp-json\/wp\/v2\/comments?post=229"}],"version-history":[{"count":0,"href":"https:\/\/nextor.io\/x_1\/wp-json\/wp\/v2\/pages\/229\/revisions"}],"wp:attachment":[{"href":"https:\/\/nextor.io\/x_1\/wp-json\/wp\/v2\/media?parent=229"}],"curies":[{"name":"wp","href":"https:\/\/api.w.org\/{rel}","templated":true}]}}