{"id":231,"date":"2019-01-07T21:42:45","date_gmt":"2019-01-07T21:42:45","guid":{"rendered":"https:\/\/nextor.io\/x_1\/?page_id=231"},"modified":"2019-03-11T14:08:58","modified_gmt":"2019-03-11T20:08:58","slug":"lanubesota-mx-caracteristicas","status":"publish","type":"page","link":"https:\/\/nextor.io\/x_1\/lanubesota-mx-informacion-general\/lanubesota-mx-caracteristicas\/","title":{"rendered":"LaNubesota.MX &#8211; Caracter\u00edsticas"},"content":{"rendered":"<div id=\"cs-content\" class=\"cs-content\"><\/div>\n","protected":false},"excerpt":{"rendered":"<p>Nextor.ioLaNubesota.MX Caracter\u00edsticas Caracter\u00edsticas Funcionalidades b\u00e1sicas Funcionalidades avanzadas Mobilidad Comunicaciones unificadas Administraci\u00f3n central SeguridadFuncionalidades b\u00e1sicas Caracter\u00edsticas b\u00e1sicas que cualquier plan incluye.Identificador de llamadas (Caller ID)Caller ID por extensi\u00f3n, ya sea el n\u00famero general de la empresa o su n\u00famero directoBuz\u00f3n de vozAccesible desde el portal de cliente, por medio de atajo en el tel\u00e9fono, de manera remota y enviado por mail &#8230; <\/p>\n<div><a href=\"https:\/\/nextor.io\/x_1\/lanubesota-mx-informacion-general\/lanubesota-mx-caracteristicas\/\" class=\"more-link\">Read More<\/a><\/div>\n","protected":false},"author":1,"featured_media":0,"parent":229,"menu_order":0,"comment_status":"closed","ping_status":"closed","template":"template-blank-4.php","meta":{"om_disable_all_campaigns":false,"inline_featured_image":false,"_monsterinsights_skip_tracking":false,"_monsterinsights_sitenote_active":false,"_monsterinsights_sitenote_note":"","_monsterinsights_sitenote_category":0,"_joinchat":[],"footnotes":""},"class_list":["post-231","page","type-page","status-publish","hentry","no-post-thumbnail"],"aioseo_notices":[],"_links":{"self":[{"href":"https:\/\/nextor.io\/x_1\/wp-json\/wp\/v2\/pages\/231","targetHints":{"allow":["GET"]}}],"collection":[{"href":"https:\/\/nextor.io\/x_1\/wp-json\/wp\/v2\/pages"}],"about":[{"href":"https:\/\/nextor.io\/x_1\/wp-json\/wp\/v2\/types\/page"}],"author":[{"embeddable":true,"href":"https:\/\/nextor.io\/x_1\/wp-json\/wp\/v2\/users\/1"}],"replies":[{"embeddable":true,"href":"https:\/\/nextor.io\/x_1\/wp-json\/wp\/v2\/comments?post=231"}],"version-history":[{"count":0,"href":"https:\/\/nextor.io\/x_1\/wp-json\/wp\/v2\/pages\/231\/revisions"}],"up":[{"embeddable":true,"href":"https:\/\/nextor.io\/x_1\/wp-json\/wp\/v2\/pages\/229"}],"wp:attachment":[{"href":"https:\/\/nextor.io\/x_1\/wp-json\/wp\/v2\/media?parent=231"}],"curies":[{"name":"wp","href":"https:\/\/api.w.org\/{rel}","templated":true}]}}