{"id":347,"date":"2019-01-15T01:59:05","date_gmt":"2019-01-15T01:59:05","guid":{"rendered":"https:\/\/nextor.io\/x_1\/?page_id=347"},"modified":"2019-02-28T17:20:11","modified_gmt":"2019-02-28T23:20:11","slug":"vps-informacion-general","status":"publish","type":"page","link":"https:\/\/nextor.io\/x_1\/vps-informacion-general\/","title":{"rendered":"VPS &#8211; Informaci\u00f3n general"},"content":{"rendered":"<div id=\"cs-content\" class=\"cs-content\"><\/div>\n","protected":false},"excerpt":{"rendered":"<p>NEXTOR Nube escalable VPSServidores virtuales cualquier OS, respaldo inteligente. Escalables en minutos, seguridad perimetral avanzadaADMINISTRA TU CUENTA&nbsp;&nbsp;&nbsp;&nbsp;&nbsp;&nbsp;&nbsp;CONTRATAR SERVICIOEmpresas de cualquier tama\u00f1o se benefician con servidores en la nube. Sin inversi\u00f3n inicial, mantenimiento ni actualizaciones, todo por una renta mensual fija, soporte t\u00e9cnico inclu\u00eddo 24\/7. Servidores p\u00fablicos, privados o h\u00edbridos, Agresivas pol\u00edticas de respaldo de facto, Acceso desde Internet, VPN, o &#8230; <\/p>\n<div><a href=\"https:\/\/nextor.io\/x_1\/vps-informacion-general\/\" class=\"more-link\">Read More<\/a><\/div>\n","protected":false},"author":1,"featured_media":0,"parent":0,"menu_order":0,"comment_status":"closed","ping_status":"closed","template":"template-blank-4.php","meta":{"om_disable_all_campaigns":false,"inline_featured_image":false,"_monsterinsights_skip_tracking":false,"_monsterinsights_sitenote_active":false,"_monsterinsights_sitenote_note":"","_monsterinsights_sitenote_category":0,"_joinchat":[],"footnotes":""},"class_list":["post-347","page","type-page","status-publish","hentry","no-post-thumbnail"],"aioseo_notices":[],"_links":{"self":[{"href":"https:\/\/nextor.io\/x_1\/wp-json\/wp\/v2\/pages\/347","targetHints":{"allow":["GET"]}}],"collection":[{"href":"https:\/\/nextor.io\/x_1\/wp-json\/wp\/v2\/pages"}],"about":[{"href":"https:\/\/nextor.io\/x_1\/wp-json\/wp\/v2\/types\/page"}],"author":[{"embeddable":true,"href":"https:\/\/nextor.io\/x_1\/wp-json\/wp\/v2\/users\/1"}],"replies":[{"embeddable":true,"href":"https:\/\/nextor.io\/x_1\/wp-json\/wp\/v2\/comments?post=347"}],"version-history":[{"count":0,"href":"https:\/\/nextor.io\/x_1\/wp-json\/wp\/v2\/pages\/347\/revisions"}],"wp:attachment":[{"href":"https:\/\/nextor.io\/x_1\/wp-json\/wp\/v2\/media?parent=347"}],"curies":[{"name":"wp","href":"https:\/\/api.w.org\/{rel}","templated":true}]}}