{"id":386,"date":"2019-01-15T14:28:53","date_gmt":"2019-01-15T14:28:53","guid":{"rendered":"https:\/\/nextor.io\/x_1\/?page_id=386"},"modified":"2019-04-02T10:11:25","modified_gmt":"2019-04-02T16:11:25","slug":"politica-de-uso-justo","status":"publish","type":"page","link":"https:\/\/nextor.io\/x_1\/politica-de-uso-justo\/","title":{"rendered":"Pol\u00edtica de uso justo"},"content":{"rendered":"<div id=\"cs-content\" class=\"cs-content\"><\/div>\n","protected":false},"excerpt":{"rendered":"<p>Pol\u00edtica de Uso Justo Nextor Telecom\u00a0\u00cdndice de Contenido Introducci\u00f3n Resumen Actividades prohibidas Verificaci\u00f3n de cumplimiento Introducci\u00f3n. En Nextor queremos que todos nuestros clientes reciban el mejor servicio de telefon\u00eda fija al mejor precio. Los planes de telefon\u00eda permiten llamadas ilimitadas a tel\u00e9fonos fijos o m\u00f3viles. Es por esto que Nextor ha adoptado la presente Pol\u00edtica de Uso Justo para Servicios &#8230; <\/p>\n<div><a href=\"https:\/\/nextor.io\/x_1\/politica-de-uso-justo\/\" class=\"more-link\">Read More<\/a><\/div>\n","protected":false},"author":1,"featured_media":0,"parent":0,"menu_order":0,"comment_status":"closed","ping_status":"closed","template":"template-blank-4.php","meta":{"om_disable_all_campaigns":false,"inline_featured_image":false,"_monsterinsights_skip_tracking":false,"_monsterinsights_sitenote_active":false,"_monsterinsights_sitenote_note":"","_monsterinsights_sitenote_category":0,"_joinchat":[],"footnotes":""},"class_list":["post-386","page","type-page","status-publish","hentry","no-post-thumbnail"],"aioseo_notices":[],"_links":{"self":[{"href":"https:\/\/nextor.io\/x_1\/wp-json\/wp\/v2\/pages\/386","targetHints":{"allow":["GET"]}}],"collection":[{"href":"https:\/\/nextor.io\/x_1\/wp-json\/wp\/v2\/pages"}],"about":[{"href":"https:\/\/nextor.io\/x_1\/wp-json\/wp\/v2\/types\/page"}],"author":[{"embeddable":true,"href":"https:\/\/nextor.io\/x_1\/wp-json\/wp\/v2\/users\/1"}],"replies":[{"embeddable":true,"href":"https:\/\/nextor.io\/x_1\/wp-json\/wp\/v2\/comments?post=386"}],"version-history":[{"count":0,"href":"https:\/\/nextor.io\/x_1\/wp-json\/wp\/v2\/pages\/386\/revisions"}],"wp:attachment":[{"href":"https:\/\/nextor.io\/x_1\/wp-json\/wp\/v2\/media?parent=386"}],"curies":[{"name":"wp","href":"https:\/\/api.w.org\/{rel}","templated":true}]}}