{"id":799,"date":"2019-02-01T09:48:51","date_gmt":"2019-02-01T15:48:51","guid":{"rendered":"https:\/\/nextor.io\/x_1\/?page_id=799"},"modified":"2019-02-12T17:49:15","modified_gmt":"2019-02-12T23:49:15","slug":"lanubesota-mx-equipamiento","status":"publish","type":"page","link":"https:\/\/nextor.io\/x_1\/lanubesota-mx-informacion-general\/lanubesota-mx-equipamiento\/","title":{"rendered":"LaNubesota.MX Equipamiento"},"content":{"rendered":"<div id=\"cs-content\" class=\"cs-content\"><\/div>\n","protected":false},"excerpt":{"rendered":"<p>Nextor.ioLaNubesota.MX EquipamientoTel\u00e9fonos TradicionalesTel\u00e9fonos Gama AltaVideo Tel\u00e9fonosAudioconferenciaAccesorios Yealink\u00ae T19P E2 Equipo b\u00e1sico y econ\u00f3mico. Ideal para comenzar con telefon\u00eda en la nube. Una sola l\u00ednea.\u00a0Yealink\u00ae T23G Equipo directivo y gerencial. Todas las funciones en un equipo capaz y funcional. Hasta 3 l\u00edneas.Yealink\u00ae T29G Equipo directivo y gerencial. Todas las funciones en un equipo capaz y funcional. Varias extensiones en un solo &#8230; <\/p>\n<div><a href=\"https:\/\/nextor.io\/x_1\/lanubesota-mx-informacion-general\/lanubesota-mx-equipamiento\/\" class=\"more-link\">Read More<\/a><\/div>\n","protected":false},"author":1,"featured_media":0,"parent":229,"menu_order":0,"comment_status":"closed","ping_status":"closed","template":"template-blank-4.php","meta":{"om_disable_all_campaigns":false,"inline_featured_image":false,"_monsterinsights_skip_tracking":false,"_monsterinsights_sitenote_active":false,"_monsterinsights_sitenote_note":"","_monsterinsights_sitenote_category":0,"_joinchat":[],"footnotes":""},"class_list":["post-799","page","type-page","status-publish","hentry","no-post-thumbnail"],"aioseo_notices":[],"_links":{"self":[{"href":"https:\/\/nextor.io\/x_1\/wp-json\/wp\/v2\/pages\/799","targetHints":{"allow":["GET"]}}],"collection":[{"href":"https:\/\/nextor.io\/x_1\/wp-json\/wp\/v2\/pages"}],"about":[{"href":"https:\/\/nextor.io\/x_1\/wp-json\/wp\/v2\/types\/page"}],"author":[{"embeddable":true,"href":"https:\/\/nextor.io\/x_1\/wp-json\/wp\/v2\/users\/1"}],"replies":[{"embeddable":true,"href":"https:\/\/nextor.io\/x_1\/wp-json\/wp\/v2\/comments?post=799"}],"version-history":[{"count":0,"href":"https:\/\/nextor.io\/x_1\/wp-json\/wp\/v2\/pages\/799\/revisions"}],"up":[{"embeddable":true,"href":"https:\/\/nextor.io\/x_1\/wp-json\/wp\/v2\/pages\/229"}],"wp:attachment":[{"href":"https:\/\/nextor.io\/x_1\/wp-json\/wp\/v2\/media?parent=799"}],"curies":[{"name":"wp","href":"https:\/\/api.w.org\/{rel}","templated":true}]}}