{"id":938,"date":"2019-02-02T17:39:13","date_gmt":"2019-02-02T23:39:13","guid":{"rendered":"https:\/\/nextor.io\/x_1\/?page_id=938"},"modified":"2019-02-18T10:44:02","modified_gmt":"2019-02-18T16:44:02","slug":"lanubesota-mx-cobertura","status":"publish","type":"page","link":"https:\/\/nextor.io\/x_1\/lanubesota-mx-informacion-general\/lanubesota-mx-recursos\/lanubesota-mx-cobertura\/","title":{"rendered":"LaNubesota.MX Cobertura"},"content":{"rendered":"<div id=\"cs-content\" class=\"cs-content\"><\/div>\n","protected":false},"excerpt":{"rendered":"<p>Nextor.ioLaNubesota.MX Cobertura\u00a0M\u00e9xico y mundoContamos con cobertura en la principales ciudades de M\u00e9xico, as\u00ed como cobertura nacional 800. De manera global contamos con cobertura en m\u00e1s de 70 pa\u00edses cubriendo casi 35,000 c\u00f3digos de \u00e1rea mundiales. Nuestros servicios se pueden entregar en cualquier rinc\u00f3n del mundo independiente de nuestra cobertura de originaci\u00f3n.Cobertura nacionalCobertura mundial Contamos con cobertura local en m\u00e1s de &#8230; <\/p>\n<div><a href=\"https:\/\/nextor.io\/x_1\/spill-nueva-app-creada-por-los-empleados-de-twitter-que-fueron-despedidos-por-elon-musk\/\" class=\"more-link\">Read More<\/a><\/div>\n","protected":false},"author":1,"featured_media":0,"parent":235,"menu_order":0,"comment_status":"closed","ping_status":"closed","template":"template-blank-4.php","meta":{"om_disable_all_campaigns":false,"inline_featured_image":false,"_monsterinsights_skip_tracking":false,"_monsterinsights_sitenote_active":false,"_monsterinsights_sitenote_note":"","_monsterinsights_sitenote_category":0,"_joinchat":[],"footnotes":""},"class_list":["post-938","page","type-page","status-publish","hentry","no-post-thumbnail"],"aioseo_notices":[],"_links":{"self":[{"href":"https:\/\/nextor.io\/x_1\/wp-json\/wp\/v2\/pages\/938","targetHints":{"allow":["GET"]}}],"collection":[{"href":"https:\/\/nextor.io\/x_1\/wp-json\/wp\/v2\/pages"}],"about":[{"href":"https:\/\/nextor.io\/x_1\/wp-json\/wp\/v2\/types\/page"}],"author":[{"embeddable":true,"href":"https:\/\/nextor.io\/x_1\/wp-json\/wp\/v2\/users\/1"}],"replies":[{"embeddable":true,"href":"https:\/\/nextor.io\/x_1\/wp-json\/wp\/v2\/comments?post=938"}],"version-history":[{"count":0,"href":"https:\/\/nextor.io\/x_1\/wp-json\/wp\/v2\/pages\/938\/revisions"}],"up":[{"embeddable":true,"href":"https:\/\/nextor.io\/x_1\/wp-json\/wp\/v2\/pages\/235"}],"wp:attachment":[{"href":"https:\/\/nextor.io\/x_1\/wp-json\/wp\/v2\/media?parent=938"}],"curies":[{"name":"wp","href":"https:\/\/api.w.org\/{rel}","templated":true}]}}